{"id":470,"date":"2016-11-05T10:22:52","date_gmt":"2016-11-05T10:22:52","guid":{"rendered":"https:\/\/www.napromedica.pl\/en\/?page_id=470"},"modified":"2022-12-22T08:06:20","modified_gmt":"2022-12-22T08:06:20","slug":"contact","status":"publish","type":"page","link":"https:\/\/www.napromedica.pl\/en\/contact\/","title":{"rendered":"Contact"},"content":{"rendered":"<div class=\"flex_column av_one_half  flex_column_div av-zero-column-padding first  \" style='border-radius:0px; '><section class=\"av_textblock_section\"  itemscope=\"itemscope\" itemtype=\"https:\/\/schema.org\/CreativeWork\" ><div class='avia_textblock '   itemprop=\"text\" ><p style=\"text-align: left;\"><strong>NAPROMEDICA<br \/>\nWasilewski i wsp\u00f3lnicy sp\u00f3\u0142ka jawna<\/strong><br \/>\nul.&nbsp;Antoniuk Fabryczny 10<br \/>\n15-741&nbsp;Bia\u0142ystok<\/p>\n<p><strong>Please make an appointment by phone<\/strong><br \/>\n+48856531270<br \/>\n+48856531275<\/p>\n<p><strong>Opening hours<br \/>\n<\/strong>monday \u2013 ednesday: 8.00-19.00<br \/>\nthursday \u2013 friday: 8.00-16.00<br \/>\nsaturday &#8211; sundat:&nbsp; zamkni\u0119te<\/p>\n<p style=\"text-align: left;\"><span style=\"font-weight: 400;\"><strong>E-mail<br \/>\n<\/strong>Registration\/information<\/span>: <strong>rejestracja@napromedica.pl<\/strong><\/p>\n<p style=\"text-align: left;\"><span style=\"font-weight: 400;\">Agnieszka Ostrowska, MSc, FertilityCare\u2122 Practicioner<\/span>&nbsp;<strong>a.ostrowska@napromedica.pl<\/strong><\/p>\n<p style=\"text-align: left;\"><span style=\"font-weight: 400;\">Agata Szadkowska, MSc, FertilityCare\u2122 Practicioner<\/span>&nbsp;<strong>napromedica.agata@gmail.com<\/strong><\/p>\n<p style=\"text-align: left;\"><span style=\"font-weight: 400;\">Marta Wieslawska, Msc, FertilityCare\u2122 Practicioner<\/span>&nbsp;<strong>mw.crms@gmail.com<\/strong><\/p>\n<\/div><\/section><\/div>\n<div class=\"flex_column av_one_half  flex_column_div av-zero-column-padding   \" style='border-radius:0px; '><section class=\"av_textblock_section\"  itemscope=\"itemscope\" itemtype=\"https:\/\/schema.org\/CreativeWork\" ><div class='avia_textblock '   itemprop=\"text\" ><p><iframe loading=\"lazy\" style=\"border: 0;\" src=\"https:\/\/www.google.com\/maps\/embed?pb=!1m18!1m12!1m3!1d985.7139281913151!2d23.126129192625815!3d53.14626732485242!2m3!1f0!2f0!3f0!3m2!1i1024!2i768!4f13.1!3m3!1m2!1s0x0%3A0xf1ef00c21c8b45db!2sNapromedica.pl+Klinika+Leczenia+Niep%C5%82odno%C5%9Bci+%7C+Bia%C5%82ystok!5e0!3m2!1spl!2spl!4v1483077379265\" width=\"600\" height=\"450\" frameborder=\"0\" allowfullscreen=\"allowfullscreen\"><\/iframe><\/p>\n<\/div><\/section><\/div>\n","protected":false},"excerpt":{"rendered":"","protected":false},"author":4,"featured_media":0,"parent":0,"menu_order":0,"comment_status":"closed","ping_status":"closed","template":"","meta":{"footnotes":""},"class_list":["post-470","page","type-page","status-publish","hentry"],"yoast_head":"<!-- This site is optimized with the Yoast SEO plugin v22.5 - https:\/\/yoast.com\/wordpress\/plugins\/seo\/ -->\n<title>Contact - Napromedica<\/title>\n<meta name=\"robots\" content=\"index, follow, max-snippet:-1, max-image-preview:large, max-video-preview:-1\" \/>\n<link rel=\"canonical\" href=\"https:\/\/www.napromedica.pl\/en\/contact\/\" \/>\n<meta property=\"og:locale\" content=\"en_US\" \/>\n<meta property=\"og:type\" content=\"article\" \/>\n<meta property=\"og:title\" content=\"Contact - Napromedica\" \/>\n<meta property=\"og:url\" content=\"https:\/\/www.napromedica.pl\/en\/contact\/\" \/>\n<meta property=\"og:site_name\" content=\"Napromedica\" \/>\n<meta property=\"article:modified_time\" content=\"2022-12-22T08:06:20+00:00\" \/>\n<meta name=\"twitter:card\" content=\"summary_large_image\" \/>\n<meta name=\"twitter:label1\" content=\"Est. reading time\" \/>\n\t<meta name=\"twitter:data1\" content=\"1 minute\" \/>\n<script type=\"application\/ld+json\" class=\"yoast-schema-graph\">{\"@context\":\"https:\/\/schema.org\",\"@graph\":[{\"@type\":\"WebPage\",\"@id\":\"https:\/\/www.napromedica.pl\/en\/contact\/\",\"url\":\"https:\/\/www.napromedica.pl\/en\/contact\/\",\"name\":\"Contact - Napromedica\",\"isPartOf\":{\"@id\":\"https:\/\/www.napromedica.pl\/#website\"},\"datePublished\":\"2016-11-05T10:22:52+00:00\",\"dateModified\":\"2022-12-22T08:06:20+00:00\",\"breadcrumb\":{\"@id\":\"https:\/\/www.napromedica.pl\/en\/contact\/#breadcrumb\"},\"inLanguage\":\"en-US\",\"potentialAction\":[{\"@type\":\"ReadAction\",\"target\":[\"https:\/\/www.napromedica.pl\/en\/contact\/\"]}]},{\"@type\":\"BreadcrumbList\",\"@id\":\"https:\/\/www.napromedica.pl\/en\/contact\/#breadcrumb\",\"itemListElement\":[{\"@type\":\"ListItem\",\"position\":1,\"name\":\"Strona g\u0142\u00f3wna\",\"item\":\"https:\/\/www.napromedica.pl\/en\/\"},{\"@type\":\"ListItem\",\"position\":2,\"name\":\"Contact\"}]},{\"@type\":\"WebSite\",\"@id\":\"https:\/\/www.napromedica.pl\/#website\",\"url\":\"https:\/\/www.napromedica.pl\/\",\"name\":\"Napromedica\",\"description\":\"Napromedica\",\"potentialAction\":[{\"@type\":\"SearchAction\",\"target\":{\"@type\":\"EntryPoint\",\"urlTemplate\":\"https:\/\/www.napromedica.pl\/?s={search_term_string}\"},\"query-input\":\"required name=search_term_string\"}],\"inLanguage\":\"en-US\"}]}<\/script>\n<!-- \/ Yoast SEO plugin. -->","yoast_head_json":{"title":"Contact - Napromedica","robots":{"index":"index","follow":"follow","max-snippet":"max-snippet:-1","max-image-preview":"max-image-preview:large","max-video-preview":"max-video-preview:-1"},"canonical":"https:\/\/www.napromedica.pl\/en\/contact\/","og_locale":"en_US","og_type":"article","og_title":"Contact - Napromedica","og_url":"https:\/\/www.napromedica.pl\/en\/contact\/","og_site_name":"Napromedica","article_modified_time":"2022-12-22T08:06:20+00:00","twitter_card":"summary_large_image","twitter_misc":{"Est. reading time":"1 minute"},"schema":{"@context":"https:\/\/schema.org","@graph":[{"@type":"WebPage","@id":"https:\/\/www.napromedica.pl\/en\/contact\/","url":"https:\/\/www.napromedica.pl\/en\/contact\/","name":"Contact - Napromedica","isPartOf":{"@id":"https:\/\/www.napromedica.pl\/#website"},"datePublished":"2016-11-05T10:22:52+00:00","dateModified":"2022-12-22T08:06:20+00:00","breadcrumb":{"@id":"https:\/\/www.napromedica.pl\/en\/contact\/#breadcrumb"},"inLanguage":"en-US","potentialAction":[{"@type":"ReadAction","target":["https:\/\/www.napromedica.pl\/en\/contact\/"]}]},{"@type":"BreadcrumbList","@id":"https:\/\/www.napromedica.pl\/en\/contact\/#breadcrumb","itemListElement":[{"@type":"ListItem","position":1,"name":"Strona g\u0142\u00f3wna","item":"https:\/\/www.napromedica.pl\/en\/"},{"@type":"ListItem","position":2,"name":"Contact"}]},{"@type":"WebSite","@id":"https:\/\/www.napromedica.pl\/#website","url":"https:\/\/www.napromedica.pl\/","name":"Napromedica","description":"Napromedica","potentialAction":[{"@type":"SearchAction","target":{"@type":"EntryPoint","urlTemplate":"https:\/\/www.napromedica.pl\/?s={search_term_string}"},"query-input":"required name=search_term_string"}],"inLanguage":"en-US"}]}},"_links":{"self":[{"href":"https:\/\/www.napromedica.pl\/en\/wp-json\/wp\/v2\/pages\/470","targetHints":{"allow":["GET"]}}],"collection":[{"href":"https:\/\/www.napromedica.pl\/en\/wp-json\/wp\/v2\/pages"}],"about":[{"href":"https:\/\/www.napromedica.pl\/en\/wp-json\/wp\/v2\/types\/page"}],"author":[{"embeddable":true,"href":"https:\/\/www.napromedica.pl\/en\/wp-json\/wp\/v2\/users\/4"}],"replies":[{"embeddable":true,"href":"https:\/\/www.napromedica.pl\/en\/wp-json\/wp\/v2\/comments?post=470"}],"version-history":[{"count":12,"href":"https:\/\/www.napromedica.pl\/en\/wp-json\/wp\/v2\/pages\/470\/revisions"}],"predecessor-version":[{"id":1100,"href":"https:\/\/www.napromedica.pl\/en\/wp-json\/wp\/v2\/pages\/470\/revisions\/1100"}],"wp:attachment":[{"href":"https:\/\/www.napromedica.pl\/en\/wp-json\/wp\/v2\/media?parent=470"}],"curies":[{"name":"wp","href":"https:\/\/api.w.org\/{rel}","templated":true}]}}